{"id":6,"date":"2022-06-26T20:36:43","date_gmt":"2022-06-26T18:36:43","guid":{"rendered":"https:\/\/arnwiesen.net\/wpt\/?page_id=6"},"modified":"2022-07-24T20:07:17","modified_gmt":"2022-07-24T18:07:17","slug":"ueber-uns","status":"publish","type":"page","link":"https:\/\/arnwiesen.net\/wpt\/ueber-uns\/","title":{"rendered":"Wir \u00fcber uns"},"content":{"rendered":"\n<p>Das sind \u00fcber 50 mehr oder weniger aktive Hobby- Triathleten aus NRW, Th\u00fcringen und&nbsp;seit 1998&nbsp;auch aus Niedersachsen. Seit 1992 treffen wir uns mehrmals im Jahr zum Zwecke des gemeinsamen Abspeckens.&nbsp;Neben diversen Jedermann- und Staffelwettk\u00e4mpfen muten sich einige von uns auch mal einen Triathlon der olympischen Distanz ( 1,5 km Schwimmen, 40 km Rad, 10 km Lauf ) zu.&nbsp;<\/p>\n\n\n<div class=\"wp-block-image\">\n<figure class=\"aligncenter size-full\"><img loading=\"lazy\" decoding=\"async\" width=\"503\" height=\"300\" src=\"https:\/\/arnwiesen.net\/wpt\/wp-content\/uploads\/2005\/team-lohne.jpg\" alt=\"\" class=\"wp-image-1970\" srcset=\"https:\/\/arnwiesen.net\/wpt\/wp-content\/uploads\/2005\/team-lohne.jpg 503w, https:\/\/arnwiesen.net\/wpt\/wp-content\/uploads\/2005\/team-lohne-300x179.jpg 300w\" sizes=\"auto, (max-width: 503px) 85vw, 503px\" \/><\/figure>\n<\/div>\n\n\n<p class=\"has-text-align-center\"><strong>TC-K\u00f6ln-Jena &#8230;<\/strong><\/p>\n\n\n\n<p>Au\u00dferdem stehen RTF-Touren (Radtouren \u00fcber 30 &#8211; 150 km) und Volksl\u00e4ufe in unserem Wettkampfprogramm. Aber auch gemeinsame &#8222;Kulturveranstaltungen&#8220; (bis zum Bierabend)\u00a0und tilgen wei\u00dfer Flecken auf der deutschen Landkarte sind wichtig f\u00fcr uns.\u00a0<\/p>\n\n\n<div class=\"wp-block-image\">\n<figure class=\"aligncenter size-full\"><img loading=\"lazy\" decoding=\"async\" width=\"502\" height=\"362\" src=\"https:\/\/arnwiesen.net\/wpt\/wp-content\/uploads\/2006\/2006-jugend.jpg\" alt=\"\" class=\"wp-image-1747\" srcset=\"https:\/\/arnwiesen.net\/wpt\/wp-content\/uploads\/2006\/2006-jugend.jpg 502w, https:\/\/arnwiesen.net\/wpt\/wp-content\/uploads\/2006\/2006-jugend-300x216.jpg 300w\" sizes=\"auto, (max-width: 502px) 85vw, 502px\" \/><\/figure>\n<\/div>\n\n\n<p>Diese WEB- Seite dient vor allem der zeitgem\u00e4\u00dfen Information unserer Mitglieder \u00fcber Termine\u00a0\u00a0und Ergebnisse, soll aber auch Interessenten am Freizeit- Triathlon zum Mitmachen anregen.<\/p>\n\n\n<div class=\"wp-block-image\">\n<figure class=\"aligncenter size-full\"><img loading=\"lazy\" decoding=\"async\" width=\"480\" height=\"360\" src=\"https:\/\/arnwiesen.net\/wpt\/wp-content\/uploads\/2006\/20060909-drachenboot\/100_6050.jpg\" alt=\"\" class=\"wp-image-1876\" srcset=\"https:\/\/arnwiesen.net\/wpt\/wp-content\/uploads\/2006\/20060909-drachenboot\/100_6050.jpg 480w, https:\/\/arnwiesen.net\/wpt\/wp-content\/uploads\/2006\/20060909-drachenboot\/100_6050-300x225.jpg 300w\" sizes=\"auto, (max-width: 480px) 85vw, 480px\" \/><\/figure>\n<\/div>\n\n\n<p class=\"has-text-align-center\"><strong>&#8230; der Triathlonclub<\/strong><\/p>\n\n\n<div class=\"wp-block-image\">\n<figure class=\"aligncenter size-full\"><img loading=\"lazy\" decoding=\"async\" width=\"480\" height=\"268\" src=\"https:\/\/arnwiesen.net\/wpt\/wp-content\/uploads\/2005\/rad_start.jpg\" alt=\"\" class=\"wp-image-1958\" srcset=\"https:\/\/arnwiesen.net\/wpt\/wp-content\/uploads\/2005\/rad_start.jpg 480w, https:\/\/arnwiesen.net\/wpt\/wp-content\/uploads\/2005\/rad_start-300x168.jpg 300w\" sizes=\"auto, (max-width: 480px) 85vw, 480px\" \/><\/figure>\n<\/div>\n\n\n<p><strong>Unsere Ansprechpartner<\/strong><\/p>\n\n\n\n<figure class=\"wp-block-table aligncenter\"><table><tbody><tr><td><strong>Gruppe &nbsp; West<\/strong><\/td><td><strong>Gruppe &nbsp; Nord<\/strong><\/td><td><strong>Gruppe &nbsp; Ost<\/strong><\/td><\/tr><tr><td><a href=\"https:\/\/www.jaronline.de\/tckj\/index.php\/component\/contact\/contact\/9-cossi?Itemid=133\">Michael &#8222;Cossi&#8220;<\/a><\/td><td><a href=\"https:\/\/www.jaronline.de\/tckj\/index.php\/component\/contact\/contact\/10-ulli?Itemid=133\">Rosi &amp; Ulli<\/a><\/td><td><a href=\"https:\/\/www.jaronline.de\/tckj\/index.php\/component\/contact\/contact\/11-atze?Itemid=133\">Ulrich &#8222;Atze&#8220;<\/a><\/td><\/tr><\/tbody><\/table><\/figure>\n","protected":false},"excerpt":{"rendered":"<p>Das sind \u00fcber 50 mehr oder weniger aktive Hobby- Triathleten aus NRW, Th\u00fcringen und&nbsp;seit 1998&nbsp;auch aus Niedersachsen. Seit 1992 treffen wir uns mehrmals im Jahr zum Zwecke des gemeinsamen Abspeckens.&nbsp;Neben diversen Jedermann- und Staffelwettk\u00e4mpfen muten sich einige von uns auch mal einen Triathlon der olympischen Distanz ( 1,5 km Schwimmen, 40 km Rad, 10 km &hellip; <a href=\"https:\/\/arnwiesen.net\/wpt\/ueber-uns\/\" class=\"more-link\"><span class=\"screen-reader-text\">\u201eWir \u00fcber uns\u201c<\/span> weiterlesen<\/a><\/p>\n","protected":false},"author":1,"featured_media":0,"parent":0,"menu_order":0,"comment_status":"closed","ping_status":"closed","template":"","meta":{"footnotes":""},"class_list":["post-6","page","type-page","status-publish","hentry"],"_links":{"self":[{"href":"https:\/\/arnwiesen.net\/wpt\/wp-json\/wp\/v2\/pages\/6","targetHints":{"allow":["GET"]}}],"collection":[{"href":"https:\/\/arnwiesen.net\/wpt\/wp-json\/wp\/v2\/pages"}],"about":[{"href":"https:\/\/arnwiesen.net\/wpt\/wp-json\/wp\/v2\/types\/page"}],"author":[{"embeddable":true,"href":"https:\/\/arnwiesen.net\/wpt\/wp-json\/wp\/v2\/users\/1"}],"replies":[{"embeddable":true,"href":"https:\/\/arnwiesen.net\/wpt\/wp-json\/wp\/v2\/comments?post=6"}],"version-history":[{"count":3,"href":"https:\/\/arnwiesen.net\/wpt\/wp-json\/wp\/v2\/pages\/6\/revisions"}],"predecessor-version":[{"id":4239,"href":"https:\/\/arnwiesen.net\/wpt\/wp-json\/wp\/v2\/pages\/6\/revisions\/4239"}],"wp:attachment":[{"href":"https:\/\/arnwiesen.net\/wpt\/wp-json\/wp\/v2\/media?parent=6"}],"curies":[{"name":"wp","href":"https:\/\/api.w.org\/{rel}","templated":true}]}}